{"id":1483,"date":"2023-08-02T01:20:03","date_gmt":"2023-08-02T01:20:03","guid":{"rendered":"http:\/\/localhost:8888\/?page_id=1483"},"modified":"2025-02-19T04:30:59","modified_gmt":"2025-02-19T04:30:59","slug":"contactos","status":"publish","type":"page","link":"https:\/\/facing.pt\/index.php\/contactos\/","title":{"rendered":"Contactos"},"content":{"rendered":"\t\t<div data-elementor-type=\"wp-page\" data-elementor-id=\"1483\" class=\"elementor elementor-1483\">\n\t\t\t\t\t\t<section class=\"elementor-section elementor-top-section elementor-element elementor-element-63764a6 elementor-section-full_width elementor-section-height-default elementor-section-height-default\" data-id=\"63764a6\" data-element_type=\"section\">\n\t\t\t\t\t\t<div class=\"elementor-container elementor-column-gap-no\">\n\t\t\t\t\t<div class=\"elementor-column elementor-col-100 elementor-top-column elementor-element elementor-element-252c485\" data-id=\"252c485\" data-element_type=\"column\">\n\t\t\t<div class=\"elementor-widget-wrap elementor-element-populated\">\n\t\t\t\t\t\t<div class=\"elementor-element elementor-element-7764966 elementor-widget elementor-widget-lettery-intro\" data-id=\"7764966\" data-element_type=\"widget\" data-widget_type=\"lettery-intro.default\">\n\t\t\t\t<div class=\"elementor-widget-container\">\n\t\t\t\t\t\n\t\t<!-- intro -->\n\t\t<div class=\"mil-small-banner\">\n\t\t\t<div class=\"mil-image-frame\">\n\t\t\t\t<!-- banner image -->\n\t\t\t\t\t\t\t\t<img decoding=\"async\" src=\"https:\/\/facing.pt\/wp-content\/uploads\/2023\/08\/content-5.jpg\" alt=\"\" class=\"mil-scale-img\" data-value-1=\".5\" data-value-2=\"1.2\" \/>\n\t\t\t\t\t\t\t\t<div class=\"mil-gradient-overlay-reverse\"><\/div>\n\t\t\t<\/div>\n\t\t<\/div>\n\n\t\t<div class=\"mil-spacer\"><\/div>\n\t\t<!-- intro end -->\n\n\t\t\t\t\t\t<\/div>\n\t\t\t\t<\/div>\n\t\t\t\t\t<\/div>\n\t\t<\/div>\n\t\t\t\t\t<\/div>\n\t\t<\/section>\n\t\t\t\t<section class=\"elementor-section elementor-top-section elementor-element elementor-element-3af31f6 elementor-section-boxed elementor-section-height-default elementor-section-height-default\" data-id=\"3af31f6\" data-element_type=\"section\">\n\t\t\t\t\t\t<div class=\"elementor-container elementor-column-gap-no\">\n\t\t\t\t\t<div class=\"elementor-column elementor-col-100 elementor-top-column elementor-element elementor-element-966af49\" data-id=\"966af49\" data-element_type=\"column\">\n\t\t\t<div class=\"elementor-widget-wrap elementor-element-populated\">\n\t\t\t\t\t\t<section class=\"elementor-section elementor-inner-section elementor-element elementor-element-26d0bb1 elementor-section-full_width elementor-section-height-default elementor-section-height-default\" data-id=\"26d0bb1\" data-element_type=\"section\">\n\t\t\t\t\t\t<div class=\"elementor-container elementor-column-gap-default\">\n\t\t\t\t\t<div class=\"elementor-column elementor-col-50 elementor-inner-column elementor-element elementor-element-de1a16d\" data-id=\"de1a16d\" data-element_type=\"column\">\n\t\t\t<div class=\"elementor-widget-wrap elementor-element-populated\">\n\t\t\t\t\t\t<div class=\"elementor-element elementor-element-f9a0720 elementor-widget elementor-widget-lettery-about-us\" data-id=\"f9a0720\" data-element_type=\"widget\" data-widget_type=\"lettery-about-us.default\">\n\t\t\t\t<div class=\"elementor-widget-container\">\n\t\t\t\t\t\n\t\t\t\t<span class=\"mil-link mil-softened-60 mil-appearance mil-mb-30\">\n\t\t\t<span >\n\t\t\t\tContactos\t\t\t<\/span>\n\t\t<\/span>\n\t\t\n\t\t\t\t<h2 class=\"mil-h2 mil-title-el mil-appearance mil-mb-30\">\n\t\t\t<span >\n\t\t\t\tFale Connosco  \t\t\t<\/span>\n\t\t<\/h2>\n\t\t\n\t\t\t\t\t\t<\/div>\n\t\t\t\t<\/div>\n\t\t\t\t\t<\/div>\n\t\t<\/div>\n\t\t\t\t<div class=\"elementor-column elementor-col-50 elementor-inner-column elementor-element elementor-element-4947d4d\" data-id=\"4947d4d\" data-element_type=\"column\">\n\t\t\t<div class=\"elementor-widget-wrap elementor-element-populated\">\n\t\t\t\t\t\t<div class=\"elementor-element elementor-element-d8edcbb mil-appearance elementor-widget-divider--view-line elementor-widget elementor-widget-divider\" data-id=\"d8edcbb\" data-element_type=\"widget\" data-widget_type=\"divider.default\">\n\t\t\t\t<div class=\"elementor-widget-container\">\n\t\t\t\t\t\t\t<div class=\"elementor-divider\">\n\t\t\t<span class=\"elementor-divider-separator\">\n\t\t\t\t\t\t<\/span>\n\t\t<\/div>\n\t\t\t\t\t\t<\/div>\n\t\t\t\t<\/div>\n\t\t\t\t<div class=\"elementor-element elementor-element-4e072bf elementor-widget elementor-widget-lettery-description\" data-id=\"4e072bf\" data-element_type=\"widget\" data-widget_type=\"lettery-description.default\">\n\t\t\t\t<div class=\"elementor-widget-container\">\n\t\t\t\t\t\n\t\t\t\t<div class=\"mil-text mil-appearance mil-mb-30\">\n\t\t\t<div >\n\t\t\t\t<p>Deixe a sua mensagem, entraremos em contacto assim que poss\u00edvel. <br>Em alternativa pode enviar um email para&nbsp;<a href=\"geral@facing.pt\">geral@facing.pt<\/a><\/p>\t\t\t<\/div>\n\t\t<\/div>\n\t\t\n\t\t\t\t\t\t<\/div>\n\t\t\t\t<\/div>\n\t\t\t\t\t<\/div>\n\t\t<\/div>\n\t\t\t\t\t<\/div>\n\t\t<\/section>\n\t\t\t\t\t<\/div>\n\t\t<\/div>\n\t\t\t\t\t<\/div>\n\t\t<\/section>\n\t\t<div class=\"elementor-element elementor-element-696110c e-flex e-con-boxed e-con e-parent\" data-id=\"696110c\" data-element_type=\"container\">\n\t\t\t\t\t<div class=\"e-con-inner\">\n\t\t\t\t\t<\/div>\n\t\t\t\t<\/div>\n\t\t<div class=\"elementor-element elementor-element-647809e e-grid e-con-boxed e-con e-parent\" data-id=\"647809e\" data-element_type=\"container\">\n\t\t\t\t\t<div class=\"e-con-inner\">\n\t\t\t\t<div class=\"elementor-element elementor-element-b04e9c0 elementor-widget elementor-widget-google_maps\" data-id=\"b04e9c0\" data-element_type=\"widget\" data-widget_type=\"google_maps.default\">\n\t\t\t\t<div class=\"elementor-widget-container\">\n\t\t\t\t\t\t\t<div class=\"elementor-custom-embed\">\n\t\t\t<iframe loading=\"lazy\"\n\t\t\t\t\tsrc=\"https:\/\/www.google.com\/maps\/embed\/v1\/place?key=AIzaSyCRdmHmMqxINDMWa9HdXLT_Vm8Y6Fn1jlo&#038;q=Facing%2C%20Lda&#038;zoom=10\"\n\t\t\t\t\ttitle=\"Facing, Lda\"\n\t\t\t\t\taria-label=\"Facing, Lda\"\n\t\t\t><\/iframe>\n\t\t<\/div>\n\t\t\t\t\t\t<\/div>\n\t\t\t\t<\/div>\n\t\t\t\t<div class=\"elementor-element elementor-element-e17dd57 elementor-widget elementor-widget-lettery-accordion\" data-id=\"e17dd57\" data-element_type=\"widget\" data-widget_type=\"lettery-accordion.default\">\n\t\t\t\t<div class=\"elementor-widget-container\">\n\t\t\t\t\t\t\t\n\t\t\t\t<div class=\"mil-accordion\">\n\t\t\t\t\t\t<div class=\"mil-accordion-group mil-appearance\">\n\t\t\t\t<div class=\"mil-accordion-menu\">\n\t\t\t\t\t\t\t\t\t\t<h6>\n\t\t\t\t\t\t<span >\n\t\t\t\t\t\t\tPorto\t\t\t\t\t\t<\/span>\n\t\t\t\t\t<\/h6>\n\t\t\t\t\t\t\t\t\t\t<div class=\"mil-accordion-plus\">+<\/div>\n\t\t\t\t\t<div class=\"mil-accordion-minus\">-<\/div>\n\t\t\t\t<\/div>\n\t\t\t\t<div class=\"mil-accordion-content\">\n\t\t\t\t\t\t\t\t\t\t<div >\n\t\t\t\t\t\t<p>Rua professor Correia S\u00e1, n\u00ba 135<br \/>4445-570 Ermesinde<\/p>\t\t\t\t\t<\/div>\n\t\t\t\t\t\t\t\t\t<\/div>\n\t\t\t<\/div>\n\t\t\t\t\t\t<div class=\"mil-accordion-group mil-appearance\">\n\t\t\t\t<div class=\"mil-accordion-menu\">\n\t\t\t\t\t\t\t\t\t\t<h6>\n\t\t\t\t\t\t<span >\n\t\t\t\t\t\t\tLisboa\t\t\t\t\t\t<\/span>\n\t\t\t\t\t<\/h6>\n\t\t\t\t\t\t\t\t\t\t<div class=\"mil-accordion-plus\">+<\/div>\n\t\t\t\t\t<div class=\"mil-accordion-minus\">-<\/div>\n\t\t\t\t<\/div>\n\t\t\t\t<div class=\"mil-accordion-content\">\n\t\t\t\t\t\t\t\t\t\t<div >\n\t\t\t\t\t\t<p>Alto da Bela Vista P42<br \/>Estrada de Pa\u00e7o de Arcos 77<br \/>S. Marcos<br \/>2735-189 Agualva-Cac\u00e9m<\/p>\t\t\t\t\t<\/div>\n\t\t\t\t\t\t\t\t\t<\/div>\n\t\t\t<\/div>\n\t\t\t\t\t\t<div class=\"mil-accordion-group mil-appearance\">\n\t\t\t\t<div class=\"mil-accordion-menu\">\n\t\t\t\t\t\t\t\t\t\t<h6>\n\t\t\t\t\t\t<span >\n\t\t\t\t\t\t\tCoimbra\t\t\t\t\t\t<\/span>\n\t\t\t\t\t<\/h6>\n\t\t\t\t\t\t\t\t\t\t<div class=\"mil-accordion-plus\">+<\/div>\n\t\t\t\t\t<div class=\"mil-accordion-minus\">-<\/div>\n\t\t\t\t<\/div>\n\t\t\t\t<div class=\"mil-accordion-content\">\n\t\t\t\t\t\t\t\t\t\t<div >\n\t\t\t\t\t\t<p>Rua da Pragueira Armaz\u00e9m 15<br \/>Eiras, 3020-185 Coimbra<\/p>\t\t\t\t\t<\/div>\n\t\t\t\t\t\t\t\t\t<\/div>\n\t\t\t<\/div>\n\t\t\t\t\t\t<div class=\"mil-accordion-group mil-appearance\">\n\t\t\t\t<div class=\"mil-accordion-menu\">\n\t\t\t\t\t\t\t\t\t\t<h6>\n\t\t\t\t\t\t<span >\n\t\t\t\t\t\t\tFaro\t\t\t\t\t\t<\/span>\n\t\t\t\t\t<\/h6>\n\t\t\t\t\t\t\t\t\t\t<div class=\"mil-accordion-plus\">+<\/div>\n\t\t\t\t\t<div class=\"mil-accordion-minus\">-<\/div>\n\t\t\t\t<\/div>\n\t\t\t\t<div class=\"mil-accordion-content\">\n\t\t\t\t\t\t\t\t\t\t<div >\n\t\t\t\t\t\t<p>Rua da Horta Nova, 2B<br \/>8005-460 Estoi, Faro<\/p>\t\t\t\t\t<\/div>\n\t\t\t\t\t\t\t\t\t<\/div>\n\t\t\t<\/div>\n\t\t\t\t\t<\/div>\n\t\t\n\t\t\t\t\t\t<\/div>\n\t\t\t\t<\/div>\n\t\t\t\t<div class=\"elementor-element elementor-element-0a4a85b elementor-widget__width-inherit elementor-widget elementor-widget-lettery-cf7-form\" data-id=\"0a4a85b\" data-element_type=\"widget\" data-widget_type=\"lettery-cf7-form.default\">\n\t\t\t\t<div class=\"elementor-widget-container\">\n\t\t\t\t\t\n\t\t\n<div class=\"wpcf7 no-js\" id=\"wpcf7-f3411-o1\" lang=\"en-US\" dir=\"ltr\" data-wpcf7-id=\"3411\">\n<div class=\"screen-reader-response\"><p role=\"status\" aria-live=\"polite\" aria-atomic=\"true\"><\/p> <ul><\/ul><\/div>\n<form action=\"\/index.php\/wp-json\/wp\/v2\/pages\/1483#wpcf7-f3411-o1\" method=\"post\" class=\"wpcf7-form init\" aria-label=\"Contact form\" novalidate=\"novalidate\" data-status=\"init\">\n<div style=\"display: none;\">\n<input type=\"hidden\" name=\"_wpcf7\" value=\"3411\" \/>\n<input type=\"hidden\" name=\"_wpcf7_version\" value=\"6.0.5\" \/>\n<input type=\"hidden\" name=\"_wpcf7_locale\" value=\"en_US\" \/>\n<input type=\"hidden\" name=\"_wpcf7_unit_tag\" value=\"wpcf7-f3411-o1\" \/>\n<input type=\"hidden\" name=\"_wpcf7_container_post\" value=\"0\" \/>\n<input type=\"hidden\" name=\"_wpcf7_posted_data_hash\" value=\"\" \/>\n<input type=\"hidden\" name=\"_wpcf7_recaptcha_response\" value=\"\" \/>\n<\/div>\n<div class=\"row align-items-center\">\n <div class=\"col-lg-6\">\n  <div class=\"mil-styled-input mil-appearance mil-hidden-trigger mil-mb-30\">\n   <span class=\"wpcf7-form-control-wrap\" data-name=\"cf_name\"><input size=\"40\" maxlength=\"400\" class=\"wpcf7-form-control wpcf7-text wpcf7-validates-as-required mil-link\" aria-required=\"true\" aria-invalid=\"false\" value=\"\" type=\"text\" name=\"cf_name\" \/><\/span>\n   <label class=\"mil-link\">Nome<\/label>\n  <\/div>\n <\/div>\n <div class=\"col-lg-6\">\n  <div class=\"mil-styled-input mil-appearance mil-hidden-trigger mil-mb-30\">\n   <span class=\"wpcf7-form-control-wrap\" data-name=\"cf_email\"><input size=\"40\" maxlength=\"400\" class=\"wpcf7-form-control wpcf7-email wpcf7-validates-as-required wpcf7-text wpcf7-validates-as-email mil-link\" aria-required=\"true\" aria-invalid=\"false\" value=\"\" type=\"email\" name=\"cf_email\" \/><\/span>\n   <label class=\"mil-link\">Email*<\/label>\n  <\/div>\n <\/div>\n <div class=\"col-lg-12\">\n  <div class=\"mil-styled-input mil-appearance mil-hidden-trigger mil-mb-30\">\n   <span class=\"wpcf7-form-control-wrap\" data-name=\"cf_text\"><textarea cols=\"40\" rows=\"10\" maxlength=\"2000\" class=\"wpcf7-form-control wpcf7-textarea wpcf7-validates-as-required mil-link\" aria-required=\"true\" aria-invalid=\"false\" name=\"cf_text\"><\/textarea><\/span>\n   <label class=\"mil-link\">Mensagem<\/label>\n  <\/div>\n <div class=\"col-lg-6\"><span class=\"wpcf7-form-control-wrap recaptcha\" data-name=\"recaptcha\"><span data-sitekey=\"6LctF9sqAAAAABm3iRf98yOItv3zU-AjJdflcIOM\" class=\"wpcf7-form-control wpcf7-recaptcha g-recaptcha\"><\/span>\r\n<noscript>\r\n\t<div class=\"grecaptcha-noscript\">\r\n\t\t<iframe src=\"https:\/\/www.google.com\/recaptcha\/api\/fallback?k=6LctF9sqAAAAABm3iRf98yOItv3zU-AjJdflcIOM\" frameborder=\"0\" scrolling=\"no\" width=\"310\" height=\"430\">\r\n\t\t<\/iframe>\r\n\t\t<textarea name=\"g-recaptcha-response\" rows=\"3\" cols=\"40\" placeholder=\"reCaptcha Response Here\">\r\n\t\t<\/textarea>\r\n\t<\/div>\r\n<\/noscript>\r\n<\/span>\n  <button type=\"submit\" class=\"mil-float-left mil-button mil-button-lg mil-scale-down-trigger mil-dark-trigger mil-mb-30\">\n   <span>Enviar<\/span>\n  <\/button>\n <\/div>\n<\/div><p style=\"display: none !important;\" class=\"akismet-fields-container\" data-prefix=\"_wpcf7_ak_\"><label>&#916;<textarea name=\"_wpcf7_ak_hp_textarea\" cols=\"45\" rows=\"8\" maxlength=\"100\"><\/textarea><\/label><input type=\"hidden\" id=\"ak_js_1\" name=\"_wpcf7_ak_js\" value=\"89\"\/><script>document.getElementById( \"ak_js_1\" ).setAttribute( \"value\", ( new Date() ).getTime() );<\/script><\/p><div class=\"wpcf7-response-output\" aria-hidden=\"true\"><\/div>\n<\/form>\n<\/div>\n\n\t\t\t\t\t\t<\/div>\n\t\t\t\t<\/div>\n\t\t\t\t\t<\/div>\n\t\t\t\t<\/div>\n\t\t\t\t<\/div>\n\t\t","protected":false},"excerpt":{"rendered":"<p>Contactos Fale Connosco Deixe a sua mensagem, entraremos em contacto assim que poss\u00edvel. Em alternativa pode enviar um email para&nbsp;geral@facing.pt.. <span class=\"mil-el-more\"><a href=\"https:\/\/facing.pt\/index.php\/contactos\/\" class=\"mil-button mil-button-lg\"><span>Read more<\/span><\/a><\/span><\/p>\n","protected":false},"author":1,"featured_media":0,"parent":0,"menu_order":0,"comment_status":"closed","ping_status":"closed","template":"template-layout-builder.php","meta":{"_acf_changed":false,"footnotes":""},"class_list":["post-1483","page","type-page","status-publish","hentry"],"acf":[],"yoast_head":"<!-- This site is optimized with the Yoast SEO plugin v24.7 - https:\/\/yoast.com\/wordpress\/plugins\/seo\/ -->\n<title>Contactos - Facing, Lda.<\/title>\n<meta name=\"description\" content=\"Deixe a sua mensagem, entraremos em contacto assim que poss\u00edvel. Em alternativa pode enviar um email para geral@facing.pt\" \/>\n<meta name=\"robots\" content=\"index, follow, max-snippet:-1, max-image-preview:large, max-video-preview:-1\" \/>\n<link rel=\"canonical\" href=\"https:\/\/facing.pt\/index.php\/contactos\/\" \/>\n<meta property=\"og:locale\" content=\"pt_PT\" \/>\n<meta property=\"og:type\" content=\"article\" \/>\n<meta property=\"og:title\" content=\"Contactos - Facing, Lda.\" \/>\n<meta property=\"og:description\" content=\"Deixe a sua mensagem, entraremos em contacto assim que poss\u00edvel. Em alternativa pode enviar um email para geral@facing.pt\" \/>\n<meta property=\"og:url\" content=\"https:\/\/facing.pt\/index.php\/contactos\/\" \/>\n<meta property=\"og:site_name\" content=\"Facing, Lda.\" \/>\n<meta property=\"article:publisher\" content=\"https:\/\/www.facebook.com\/Facing.lda\/?locale=pt_PT\" \/>\n<meta property=\"article:modified_time\" content=\"2025-02-19T04:30:59+00:00\" \/>\n<meta property=\"og:image\" content=\"https:\/\/facing.pt\/wp-content\/uploads\/2023\/08\/content-5.jpg\" \/>\n<meta name=\"twitter:card\" content=\"summary_large_image\" \/>\n<meta name=\"twitter:label1\" content=\"Tempo estimado de leitura\" \/>\n\t<meta name=\"twitter:data1\" content=\"1 minuto\" \/>\n<script type=\"application\/ld+json\" class=\"yoast-schema-graph\">{\"@context\":\"https:\/\/schema.org\",\"@graph\":[{\"@type\":\"WebPage\",\"@id\":\"https:\/\/facing.pt\/index.php\/contactos\/\",\"url\":\"https:\/\/facing.pt\/index.php\/contactos\/\",\"name\":\"Contactos - Facing, Lda.\",\"isPartOf\":{\"@id\":\"https:\/\/facing.pt\/#website\"},\"primaryImageOfPage\":{\"@id\":\"https:\/\/facing.pt\/index.php\/contactos\/#primaryimage\"},\"image\":{\"@id\":\"https:\/\/facing.pt\/index.php\/contactos\/#primaryimage\"},\"thumbnailUrl\":\"https:\/\/facing.pt\/wp-content\/uploads\/2023\/08\/content-5.jpg\",\"datePublished\":\"2023-08-02T01:20:03+00:00\",\"dateModified\":\"2025-02-19T04:30:59+00:00\",\"description\":\"Deixe a sua mensagem, entraremos em contacto assim que poss\u00edvel. Em alternativa pode enviar um email para geral@facing.pt\",\"breadcrumb\":{\"@id\":\"https:\/\/facing.pt\/index.php\/contactos\/#breadcrumb\"},\"inLanguage\":\"pt-PT\",\"potentialAction\":[{\"@type\":\"ReadAction\",\"target\":[\"https:\/\/facing.pt\/index.php\/contactos\/\"]}]},{\"@type\":\"ImageObject\",\"inLanguage\":\"pt-PT\",\"@id\":\"https:\/\/facing.pt\/index.php\/contactos\/#primaryimage\",\"url\":\"https:\/\/facing.pt\/wp-content\/uploads\/2023\/08\/content-5.jpg\",\"contentUrl\":\"https:\/\/facing.pt\/wp-content\/uploads\/2023\/08\/content-5.jpg\",\"width\":1920,\"height\":1281},{\"@type\":\"BreadcrumbList\",\"@id\":\"https:\/\/facing.pt\/index.php\/contactos\/#breadcrumb\",\"itemListElement\":[{\"@type\":\"ListItem\",\"position\":1,\"name\":\"Home\",\"item\":\"https:\/\/facing.pt\/\"},{\"@type\":\"ListItem\",\"position\":2,\"name\":\"Contactos\"}]},{\"@type\":\"WebSite\",\"@id\":\"https:\/\/facing.pt\/#website\",\"url\":\"https:\/\/facing.pt\/\",\"name\":\"Facing, Lda.\",\"description\":\"Empresa dimens\u00e3o nacional especializada em log\u00edstica, armazenagem, trade marketing e gest\u00e3o de ponto de venda bem como recursos humanos, promotoras e eventos.\",\"publisher\":{\"@id\":\"https:\/\/facing.pt\/#organization\"},\"alternateName\":\"Facing, Lda.\",\"potentialAction\":[{\"@type\":\"SearchAction\",\"target\":{\"@type\":\"EntryPoint\",\"urlTemplate\":\"https:\/\/facing.pt\/?s={search_term_string}\"},\"query-input\":{\"@type\":\"PropertyValueSpecification\",\"valueRequired\":true,\"valueName\":\"search_term_string\"}}],\"inLanguage\":\"pt-PT\"},{\"@type\":\"Organization\",\"@id\":\"https:\/\/facing.pt\/#organization\",\"name\":\"Facing, Lda.\",\"alternateName\":\"Facing, Lda.\",\"url\":\"https:\/\/facing.pt\/\",\"logo\":{\"@type\":\"ImageObject\",\"inLanguage\":\"pt-PT\",\"@id\":\"https:\/\/facing.pt\/#\/schema\/logo\/image\/\",\"url\":\"https:\/\/facing.pt\/wp-content\/uploads\/2025\/01\/logo-facing-2.png\",\"contentUrl\":\"https:\/\/facing.pt\/wp-content\/uploads\/2025\/01\/logo-facing-2.png\",\"width\":150,\"height\":64,\"caption\":\"Facing, Lda.\"},\"image\":{\"@id\":\"https:\/\/facing.pt\/#\/schema\/logo\/image\/\"},\"sameAs\":[\"https:\/\/www.facebook.com\/Facing.lda\/?locale=pt_PT\",\"https:\/\/www.linkedin.com\/company\/facing-lda\/\",\"https:\/\/www.instagram.com\/facing_lda\/\"]}]}<\/script>\n<!-- \/ Yoast SEO plugin. -->","yoast_head_json":{"title":"Contactos - Facing, Lda.","description":"Deixe a sua mensagem, entraremos em contacto assim que poss\u00edvel. Em alternativa pode enviar um email para geral@facing.pt","robots":{"index":"index","follow":"follow","max-snippet":"max-snippet:-1","max-image-preview":"max-image-preview:large","max-video-preview":"max-video-preview:-1"},"canonical":"https:\/\/facing.pt\/index.php\/contactos\/","og_locale":"pt_PT","og_type":"article","og_title":"Contactos - Facing, Lda.","og_description":"Deixe a sua mensagem, entraremos em contacto assim que poss\u00edvel. Em alternativa pode enviar um email para geral@facing.pt","og_url":"https:\/\/facing.pt\/index.php\/contactos\/","og_site_name":"Facing, Lda.","article_publisher":"https:\/\/www.facebook.com\/Facing.lda\/?locale=pt_PT","article_modified_time":"2025-02-19T04:30:59+00:00","og_image":[{"url":"https:\/\/facing.pt\/wp-content\/uploads\/2023\/08\/content-5.jpg","type":"","width":"","height":""}],"twitter_card":"summary_large_image","twitter_misc":{"Tempo estimado de leitura":"1 minuto"},"schema":{"@context":"https:\/\/schema.org","@graph":[{"@type":"WebPage","@id":"https:\/\/facing.pt\/index.php\/contactos\/","url":"https:\/\/facing.pt\/index.php\/contactos\/","name":"Contactos - Facing, Lda.","isPartOf":{"@id":"https:\/\/facing.pt\/#website"},"primaryImageOfPage":{"@id":"https:\/\/facing.pt\/index.php\/contactos\/#primaryimage"},"image":{"@id":"https:\/\/facing.pt\/index.php\/contactos\/#primaryimage"},"thumbnailUrl":"https:\/\/facing.pt\/wp-content\/uploads\/2023\/08\/content-5.jpg","datePublished":"2023-08-02T01:20:03+00:00","dateModified":"2025-02-19T04:30:59+00:00","description":"Deixe a sua mensagem, entraremos em contacto assim que poss\u00edvel. Em alternativa pode enviar um email para geral@facing.pt","breadcrumb":{"@id":"https:\/\/facing.pt\/index.php\/contactos\/#breadcrumb"},"inLanguage":"pt-PT","potentialAction":[{"@type":"ReadAction","target":["https:\/\/facing.pt\/index.php\/contactos\/"]}]},{"@type":"ImageObject","inLanguage":"pt-PT","@id":"https:\/\/facing.pt\/index.php\/contactos\/#primaryimage","url":"https:\/\/facing.pt\/wp-content\/uploads\/2023\/08\/content-5.jpg","contentUrl":"https:\/\/facing.pt\/wp-content\/uploads\/2023\/08\/content-5.jpg","width":1920,"height":1281},{"@type":"BreadcrumbList","@id":"https:\/\/facing.pt\/index.php\/contactos\/#breadcrumb","itemListElement":[{"@type":"ListItem","position":1,"name":"Home","item":"https:\/\/facing.pt\/"},{"@type":"ListItem","position":2,"name":"Contactos"}]},{"@type":"WebSite","@id":"https:\/\/facing.pt\/#website","url":"https:\/\/facing.pt\/","name":"Facing, Lda.","description":"Empresa dimens\u00e3o nacional especializada em log\u00edstica, armazenagem, trade marketing e gest\u00e3o de ponto de venda bem como recursos humanos, promotoras e eventos.","publisher":{"@id":"https:\/\/facing.pt\/#organization"},"alternateName":"Facing, Lda.","potentialAction":[{"@type":"SearchAction","target":{"@type":"EntryPoint","urlTemplate":"https:\/\/facing.pt\/?s={search_term_string}"},"query-input":{"@type":"PropertyValueSpecification","valueRequired":true,"valueName":"search_term_string"}}],"inLanguage":"pt-PT"},{"@type":"Organization","@id":"https:\/\/facing.pt\/#organization","name":"Facing, Lda.","alternateName":"Facing, Lda.","url":"https:\/\/facing.pt\/","logo":{"@type":"ImageObject","inLanguage":"pt-PT","@id":"https:\/\/facing.pt\/#\/schema\/logo\/image\/","url":"https:\/\/facing.pt\/wp-content\/uploads\/2025\/01\/logo-facing-2.png","contentUrl":"https:\/\/facing.pt\/wp-content\/uploads\/2025\/01\/logo-facing-2.png","width":150,"height":64,"caption":"Facing, Lda."},"image":{"@id":"https:\/\/facing.pt\/#\/schema\/logo\/image\/"},"sameAs":["https:\/\/www.facebook.com\/Facing.lda\/?locale=pt_PT","https:\/\/www.linkedin.com\/company\/facing-lda\/","https:\/\/www.instagram.com\/facing_lda\/"]}]}},"_links":{"self":[{"href":"https:\/\/facing.pt\/index.php\/wp-json\/wp\/v2\/pages\/1483","targetHints":{"allow":["GET"]}}],"collection":[{"href":"https:\/\/facing.pt\/index.php\/wp-json\/wp\/v2\/pages"}],"about":[{"href":"https:\/\/facing.pt\/index.php\/wp-json\/wp\/v2\/types\/page"}],"author":[{"embeddable":true,"href":"https:\/\/facing.pt\/index.php\/wp-json\/wp\/v2\/users\/1"}],"replies":[{"embeddable":true,"href":"https:\/\/facing.pt\/index.php\/wp-json\/wp\/v2\/comments?post=1483"}],"version-history":[{"count":117,"href":"https:\/\/facing.pt\/index.php\/wp-json\/wp\/v2\/pages\/1483\/revisions"}],"predecessor-version":[{"id":4070,"href":"https:\/\/facing.pt\/index.php\/wp-json\/wp\/v2\/pages\/1483\/revisions\/4070"}],"wp:attachment":[{"href":"https:\/\/facing.pt\/index.php\/wp-json\/wp\/v2\/media?parent=1483"}],"curies":[{"name":"wp","href":"https:\/\/api.w.org\/{rel}","templated":true}]}}