{"id":454,"date":"2023-07-20T20:55:04","date_gmt":"2023-07-20T20:55:04","guid":{"rendered":"http:\/\/localhost:8888\/?page_id=454"},"modified":"2025-03-19T19:11:45","modified_gmt":"2025-03-19T19:11:45","slug":"trabalhar-connosco","status":"publish","type":"page","link":"https:\/\/facing.pt\/index.php\/trabalhar-connosco\/","title":{"rendered":"Trabalhe Connosco"},"content":{"rendered":"\t\t<div data-elementor-type=\"wp-page\" data-elementor-id=\"454\" class=\"elementor elementor-454\">\n\t\t\t\t\t\t<section class=\"elementor-section elementor-top-section elementor-element elementor-element-4dd1eae elementor-section-full_width elementor-section-height-default elementor-section-height-default\" data-id=\"4dd1eae\" data-element_type=\"section\">\n\t\t\t\t\t\t<div class=\"elementor-container elementor-column-gap-no\">\n\t\t\t\t\t<div class=\"elementor-column elementor-col-100 elementor-top-column elementor-element elementor-element-48ff1be\" data-id=\"48ff1be\" data-element_type=\"column\">\n\t\t\t<div class=\"elementor-widget-wrap elementor-element-populated\">\n\t\t\t\t\t\t<div class=\"elementor-element elementor-element-8c57e71 elementor-widget elementor-widget-lettery-intro\" data-id=\"8c57e71\" data-element_type=\"widget\" data-widget_type=\"lettery-intro.default\">\n\t\t\t\t<div class=\"elementor-widget-container\">\n\t\t\t\t\t\n\t\t<!-- intro -->\n\t\t<div class=\"mil-small-banner\">\n\t\t\t<div class=\"mil-image-frame\">\n\t\t\t\t<!-- banner image -->\n\t\t\t\t\t\t\t\t<img decoding=\"async\" src=\"https:\/\/facing.pt\/wp-content\/uploads\/2023\/07\/blog3-2-scaled-1-1920x1280.jpg\" alt=\"\" class=\"mil-scale-img\" data-value-1=\".5\" data-value-2=\"1.2\" \/>\n\t\t\t\t\t\t\t\t<div class=\"mil-gradient-overlay-reverse\"><\/div>\n\t\t\t<\/div>\n\t\t<\/div>\n\n\t\t<div class=\"mil-spacer\"><\/div>\n\t\t<!-- intro end -->\n\n\t\t\t\t\t\t<\/div>\n\t\t\t\t<\/div>\n\t\t\t\t\t<\/div>\n\t\t<\/div>\n\t\t\t\t\t<\/div>\n\t\t<\/section>\n\t\t\t\t<section class=\"elementor-section elementor-top-section elementor-element elementor-element-dc11c59 elementor-section-boxed elementor-section-height-default elementor-section-height-default\" data-id=\"dc11c59\" data-element_type=\"section\">\n\t\t\t\t\t\t<div class=\"elementor-container elementor-column-gap-no\">\n\t\t\t\t\t<div class=\"elementor-column elementor-col-100 elementor-top-column elementor-element elementor-element-e14ea22\" data-id=\"e14ea22\" data-element_type=\"column\">\n\t\t\t<div class=\"elementor-widget-wrap elementor-element-populated\">\n\t\t\t\t\t\t<section class=\"elementor-section elementor-inner-section elementor-element elementor-element-a8eb78b elementor-section-full_width elementor-section-content-top elementor-section-height-default elementor-section-height-default\" data-id=\"a8eb78b\" data-element_type=\"section\">\n\t\t\t\t\t\t<div class=\"elementor-container elementor-column-gap-default\">\n\t\t\t\t\t<div class=\"elementor-column elementor-col-50 elementor-inner-column elementor-element elementor-element-04b226d\" data-id=\"04b226d\" data-element_type=\"column\">\n\t\t\t<div class=\"elementor-widget-wrap elementor-element-populated\">\n\t\t\t\t\t\t<div class=\"elementor-element elementor-element-05daa4a elementor-widget elementor-widget-heading\" data-id=\"05daa4a\" data-element_type=\"widget\" data-widget_type=\"heading.default\">\n\t\t\t\t<div class=\"elementor-widget-container\">\n\t\t\t\t\t<h2 class=\"elementor-heading-title elementor-size-default\">Venha trabalhar \nconnosco!<\/h2>\t\t\t\t<\/div>\n\t\t\t\t<\/div>\n\t\t\t\t\t<\/div>\n\t\t<\/div>\n\t\t\t\t<div class=\"elementor-column elementor-col-50 elementor-inner-column elementor-element elementor-element-1e25750\" data-id=\"1e25750\" data-element_type=\"column\">\n\t\t\t<div class=\"elementor-widget-wrap elementor-element-populated\">\n\t\t\t\t\t\t<div class=\"elementor-element elementor-element-9b64d48 elementor-widget elementor-widget-heading\" data-id=\"9b64d48\" data-element_type=\"widget\" data-widget_type=\"heading.default\">\n\t\t\t\t<div class=\"elementor-widget-container\">\n\t\t\t\t\t<div class=\"elementor-heading-title elementor-size-default\">Temos sempre a decorrer campanhas e eventos por todo o pa\u00eds e necessitamos de colaboradores em perman\u00eancia ou de forma tempor\u00e1ria. Se trabalha a tempo inteiro ou estuda e necessita de fazer um part-time, fale connosco. Se deseja trabalhar de forma permanente na ativa\u00e7\u00e3o de v\u00e1rias marcas a n\u00edvel nacional, entre em contacto connosco.<\/div>\t\t\t\t<\/div>\n\t\t\t\t<\/div>\n\t\t\t\t<div class=\"elementor-element elementor-element-71bf122 elementor-widget elementor-widget-heading\" data-id=\"71bf122\" data-element_type=\"widget\" data-widget_type=\"heading.default\">\n\t\t\t\t<div class=\"elementor-widget-container\">\n\t\t\t\t\t<div class=\"elementor-heading-title elementor-size-default\">Clique em<b> inscrever<\/b> e preencha o formul\u00e1rio com os seus dados pessoais.<\/div>\t\t\t\t<\/div>\n\t\t\t\t<\/div>\n\t\t\t\t\t<\/div>\n\t\t<\/div>\n\t\t\t\t\t<\/div>\n\t\t<\/section>\n\t\t\t\t\t<\/div>\n\t\t<\/div>\n\t\t\t\t\t<\/div>\n\t\t<\/section>\n\t\t<div class=\"elementor-element elementor-element-e7acac7 e-grid e-con-boxed e-con e-parent\" data-id=\"e7acac7\" data-element_type=\"container\">\n\t\t\t\t\t<div class=\"e-con-inner\">\n\t\t\t\t<div class=\"elementor-element elementor-element-4002041 elementor-widget elementor-widget-image\" data-id=\"4002041\" data-element_type=\"widget\" data-widget_type=\"image.default\">\n\t\t\t\t<div class=\"elementor-widget-container\">\n\t\t\t\t\t\t\t\t\t\t\t\t\t\t\t<img fetchpriority=\"high\" decoding=\"async\" width=\"600\" height=\"584\" src=\"https:\/\/facing.pt\/wp-content\/uploads\/2025\/01\/vestido_de_azata_negros_para__la_fiesta_de_conmemoracion_del_Gran_Hotel_Miramar_uniformes_por_vittorio_uniformes-1.jpg\" class=\"attachment-large size-large wp-image-3036\" alt=\"\" srcset=\"https:\/\/facing.pt\/wp-content\/uploads\/2025\/01\/vestido_de_azata_negros_para__la_fiesta_de_conmemoracion_del_Gran_Hotel_Miramar_uniformes_por_vittorio_uniformes-1.jpg 600w, https:\/\/facing.pt\/wp-content\/uploads\/2025\/01\/vestido_de_azata_negros_para__la_fiesta_de_conmemoracion_del_Gran_Hotel_Miramar_uniformes_por_vittorio_uniformes-1-300x292.jpg 300w\" sizes=\"(max-width: 600px) 100vw, 600px\" \/>\t\t\t\t\t\t\t\t\t\t\t\t\t\t\t<\/div>\n\t\t\t\t<\/div>\n\t\t\t\t<div class=\"elementor-element elementor-element-089ddf0 elementor-widget elementor-widget-lettery-cta\" data-id=\"089ddf0\" data-element_type=\"widget\" data-widget_type=\"lettery-cta.default\">\n\t\t\t\t<div class=\"elementor-widget-container\">\n\t\t\t\t\t\n\t\t<div class=\"mil-accent-bg\">\n\t\t\t<div class=\"container mil-p-60-30\">\n\t\t\t\t<div class=\"row align-items-center\">\n\t\t\t\t\t<div class=\"col-lg-9 mil-mb-30\">\n\t\t\t\t\t\t\t\t\t\t\t\t<h4 class=\"mil-buttons-space\">\n\t\t\t\t\t\t\t<span >\n\t\t\t\t\t\t\t\tClique e preencha o <br>\nformul\u00e1rio <br>\ncom os seus dados pessoais <br>\n\n\t\t\t\t\t\t\t<\/span>\n\t\t\t\t\t\t<\/h4>\n\t\t\t\t\t\t\t\t\t\t\t<\/div>\n\t\t\t\t\t<div class=\"col-lg-3 mil-mb-30\">\n\t\t\t\t\t\t\t\t\t\t\t\t<a target=\"_blank\" href=\"https:\/\/horus.facing.pt\/recrutamento\" class=\"mil-float-right mil-button mil-button-lg mil-button-dark mil-scale-down-trigger mil-accent-trigger\">\n\t\t\t\t\t\t\t<span >\n\t\t\t\t\t\t\t\tInscrever\t\t\t\t\t\t\t<\/span>\n\t\t\t\t\t\t<\/a>\n\t\t\t\t\t\t\t\t\t\t\t<\/div>\n\t\t\t\t<\/div>\n\t\t\t<\/div>\n\t\t<\/div>\n\n\t\t\t\t\t\t<\/div>\n\t\t\t\t<\/div>\n\t\t\t\t<div class=\"elementor-element elementor-element-3ac4434 elementor-widget elementor-widget-image\" data-id=\"3ac4434\" data-element_type=\"widget\" data-widget_type=\"image.default\">\n\t\t\t\t<div class=\"elementor-widget-container\">\n\t\t\t\t\t\t\t\t\t\t\t\t\t\t\t<img decoding=\"async\" width=\"683\" height=\"1024\" src=\"https:\/\/facing.pt\/wp-content\/uploads\/2023\/07\/content-14-683x1024.jpg\" class=\"attachment-large size-large wp-image-432\" alt=\"\" srcset=\"https:\/\/facing.pt\/wp-content\/uploads\/2023\/07\/content-14-683x1024.jpg 683w, https:\/\/facing.pt\/wp-content\/uploads\/2023\/07\/content-14-200x300.jpg 200w, https:\/\/facing.pt\/wp-content\/uploads\/2023\/07\/content-14-768x1151.jpg 768w, https:\/\/facing.pt\/wp-content\/uploads\/2023\/07\/content-14-950x1424.jpg 950w, https:\/\/facing.pt\/wp-content\/uploads\/2023\/07\/content-14.jpg 1000w\" sizes=\"(max-width: 683px) 100vw, 683px\" \/>\t\t\t\t\t\t\t\t\t\t\t\t\t\t\t<\/div>\n\t\t\t\t<\/div>\n\t\t\t\t\t<\/div>\n\t\t\t\t<\/div>\n\t\t<div class=\"elementor-element elementor-element-0c23f85 e-grid e-con-boxed e-con e-parent\" data-id=\"0c23f85\" data-element_type=\"container\">\n\t\t\t\t\t<div class=\"e-con-inner\">\n\t\t\t\t\t<\/div>\n\t\t\t\t<\/div>\n\t\t\t\t<section class=\"elementor-section elementor-top-section elementor-element elementor-element-f2eee46 elementor-section-full_width elementor-section-height-default elementor-section-height-default\" data-id=\"f2eee46\" data-element_type=\"section\">\n\t\t\t\t\t\t<div class=\"elementor-container elementor-column-gap-no\">\n\t\t\t\t\t<div class=\"elementor-column elementor-col-100 elementor-top-column elementor-element elementor-element-ca5ab25\" data-id=\"ca5ab25\" data-element_type=\"column\">\n\t\t\t<div class=\"elementor-widget-wrap elementor-element-populated\">\n\t\t\t\t\t\t<div class=\"elementor-element elementor-element-1f15584 elementor-widget elementor-widget-lettery-cta\" data-id=\"1f15584\" data-element_type=\"widget\" data-widget_type=\"lettery-cta.default\">\n\t\t\t\t<div class=\"elementor-widget-container\">\n\t\t\t\t\t\n\t\t<div class=\"mil-accent-bg\">\n\t\t\t<div class=\"container mil-p-60-30\">\n\t\t\t\t<div class=\"row align-items-center\">\n\t\t\t\t\t<div class=\"col-lg-9 mil-mb-30\">\n\t\t\t\t\t\t\t\t\t\t\t\t<h4 class=\"mil-buttons-space\">\n\t\t\t\t\t\t\t<span >\n\t\t\t\t\t\t\t\tQuer saber mais sobre a nossa empresa?\t\t\t\t\t\t\t<\/span>\n\t\t\t\t\t\t<\/h4>\n\t\t\t\t\t\t\t\t\t\t\t<\/div>\n\t\t\t\t\t<div class=\"col-lg-3 mil-mb-30\">\n\t\t\t\t\t\t\t\t\t\t\t\t<a href=\"https:\/\/facing.pt\/index.php\/contactos\/\" class=\"mil-float-right mil-button mil-button-lg mil-button-dark mil-scale-down-trigger mil-accent-trigger\">\n\t\t\t\t\t\t\t<span >\n\t\t\t\t\t\t\t\tFale Connosco\t\t\t\t\t\t\t<\/span>\n\t\t\t\t\t\t<\/a>\n\t\t\t\t\t\t\t\t\t\t\t<\/div>\n\t\t\t\t<\/div>\n\t\t\t<\/div>\n\t\t<\/div>\n\n\t\t\t\t\t\t<\/div>\n\t\t\t\t<\/div>\n\t\t\t\t\t<\/div>\n\t\t<\/div>\n\t\t\t\t\t<\/div>\n\t\t<\/section>\n\t\t<div class=\"elementor-element elementor-element-536a301 e-flex e-con-boxed e-con e-parent\" data-id=\"536a301\" data-element_type=\"container\">\n\t\t\t\t\t<div class=\"e-con-inner\">\n\t\t\t\t\t<\/div>\n\t\t\t\t<\/div>\n\t\t\t\t<\/div>\n\t\t","protected":false},"excerpt":{"rendered":"<p>Venha trabalhar connosco! Temos sempre a decorrer campanhas e eventos por todo o pa\u00eds e necessitamos de colaboradores em perman\u00eancia.. <span class=\"mil-el-more\"><a href=\"https:\/\/facing.pt\/index.php\/trabalhar-connosco\/\" class=\"mil-button mil-button-lg\"><span>Read more<\/span><\/a><\/span><\/p>\n","protected":false},"author":1,"featured_media":0,"parent":0,"menu_order":0,"comment_status":"closed","ping_status":"closed","template":"template-layout-builder.php","meta":{"_acf_changed":false,"footnotes":""},"class_list":["post-454","page","type-page","status-publish","hentry"],"acf":[],"yoast_head":"<!-- This site is optimized with the Yoast SEO plugin v24.7 - https:\/\/yoast.com\/wordpress\/plugins\/seo\/ -->\n<title>Trabalhe Connosco - Facing, Lda.<\/title>\n<meta name=\"description\" content=\"Temos sempre campanhas e eventos por todo o pais e necessitamos de colaboradores em perman\u00eancia ou de forma tempor\u00e1ria. Clique em inscrever!\" \/>\n<meta name=\"robots\" content=\"index, follow, max-snippet:-1, max-image-preview:large, max-video-preview:-1\" \/>\n<link rel=\"canonical\" href=\"https:\/\/facing.pt\/index.php\/trabalhar-connosco\/\" \/>\n<meta property=\"og:locale\" content=\"pt_PT\" \/>\n<meta property=\"og:type\" content=\"article\" \/>\n<meta property=\"og:title\" content=\"Trabalhe Connosco - Facing, Lda.\" \/>\n<meta property=\"og:description\" content=\"Temos sempre campanhas e eventos por todo o pais e necessitamos de colaboradores em perman\u00eancia ou de forma tempor\u00e1ria. Clique em inscrever!\" \/>\n<meta property=\"og:url\" content=\"https:\/\/facing.pt\/index.php\/trabalhar-connosco\/\" \/>\n<meta property=\"og:site_name\" content=\"Facing, Lda.\" \/>\n<meta property=\"article:publisher\" content=\"https:\/\/www.facebook.com\/Facing.lda\/?locale=pt_PT\" \/>\n<meta property=\"article:modified_time\" content=\"2025-03-19T19:11:45+00:00\" \/>\n<meta property=\"og:image\" content=\"https:\/\/facing.pt\/wp-content\/uploads\/2023\/07\/blog3-2-scaled-1-1920x1280.jpg\" \/>\n<meta name=\"twitter:card\" content=\"summary_large_image\" \/>\n<meta name=\"twitter:label1\" content=\"Tempo estimado de leitura\" \/>\n\t<meta name=\"twitter:data1\" content=\"2 minutos\" \/>\n<script type=\"application\/ld+json\" class=\"yoast-schema-graph\">{\"@context\":\"https:\/\/schema.org\",\"@graph\":[{\"@type\":\"WebPage\",\"@id\":\"https:\/\/facing.pt\/index.php\/trabalhar-connosco\/\",\"url\":\"https:\/\/facing.pt\/index.php\/trabalhar-connosco\/\",\"name\":\"Trabalhe Connosco - Facing, Lda.\",\"isPartOf\":{\"@id\":\"https:\/\/facing.pt\/#website\"},\"primaryImageOfPage\":{\"@id\":\"https:\/\/facing.pt\/index.php\/trabalhar-connosco\/#primaryimage\"},\"image\":{\"@id\":\"https:\/\/facing.pt\/index.php\/trabalhar-connosco\/#primaryimage\"},\"thumbnailUrl\":\"https:\/\/facing.pt\/wp-content\/uploads\/2023\/07\/blog3-2-scaled-1-1920x1280.jpg\",\"datePublished\":\"2023-07-20T20:55:04+00:00\",\"dateModified\":\"2025-03-19T19:11:45+00:00\",\"description\":\"Temos sempre campanhas e eventos por todo o pais e necessitamos de colaboradores em perman\u00eancia ou de forma tempor\u00e1ria. Clique em inscrever!\",\"breadcrumb\":{\"@id\":\"https:\/\/facing.pt\/index.php\/trabalhar-connosco\/#breadcrumb\"},\"inLanguage\":\"pt-PT\",\"potentialAction\":[{\"@type\":\"ReadAction\",\"target\":[\"https:\/\/facing.pt\/index.php\/trabalhar-connosco\/\"]}]},{\"@type\":\"ImageObject\",\"inLanguage\":\"pt-PT\",\"@id\":\"https:\/\/facing.pt\/index.php\/trabalhar-connosco\/#primaryimage\",\"url\":\"https:\/\/facing.pt\/wp-content\/uploads\/2023\/07\/blog3-2-scaled-1.jpg\",\"contentUrl\":\"https:\/\/facing.pt\/wp-content\/uploads\/2023\/07\/blog3-2-scaled-1.jpg\",\"width\":2560,\"height\":1707},{\"@type\":\"BreadcrumbList\",\"@id\":\"https:\/\/facing.pt\/index.php\/trabalhar-connosco\/#breadcrumb\",\"itemListElement\":[{\"@type\":\"ListItem\",\"position\":1,\"name\":\"Home\",\"item\":\"https:\/\/facing.pt\/\"},{\"@type\":\"ListItem\",\"position\":2,\"name\":\"Trabalhe Connosco\"}]},{\"@type\":\"WebSite\",\"@id\":\"https:\/\/facing.pt\/#website\",\"url\":\"https:\/\/facing.pt\/\",\"name\":\"Facing, Lda.\",\"description\":\"Empresa dimens\u00e3o nacional especializada em log\u00edstica, armazenagem, trade marketing e gest\u00e3o de ponto de venda bem como recursos humanos, promotoras e eventos.\",\"publisher\":{\"@id\":\"https:\/\/facing.pt\/#organization\"},\"alternateName\":\"Facing, Lda.\",\"potentialAction\":[{\"@type\":\"SearchAction\",\"target\":{\"@type\":\"EntryPoint\",\"urlTemplate\":\"https:\/\/facing.pt\/?s={search_term_string}\"},\"query-input\":{\"@type\":\"PropertyValueSpecification\",\"valueRequired\":true,\"valueName\":\"search_term_string\"}}],\"inLanguage\":\"pt-PT\"},{\"@type\":\"Organization\",\"@id\":\"https:\/\/facing.pt\/#organization\",\"name\":\"Facing, Lda.\",\"alternateName\":\"Facing, Lda.\",\"url\":\"https:\/\/facing.pt\/\",\"logo\":{\"@type\":\"ImageObject\",\"inLanguage\":\"pt-PT\",\"@id\":\"https:\/\/facing.pt\/#\/schema\/logo\/image\/\",\"url\":\"https:\/\/facing.pt\/wp-content\/uploads\/2025\/01\/logo-facing-2.png\",\"contentUrl\":\"https:\/\/facing.pt\/wp-content\/uploads\/2025\/01\/logo-facing-2.png\",\"width\":150,\"height\":64,\"caption\":\"Facing, Lda.\"},\"image\":{\"@id\":\"https:\/\/facing.pt\/#\/schema\/logo\/image\/\"},\"sameAs\":[\"https:\/\/www.facebook.com\/Facing.lda\/?locale=pt_PT\",\"https:\/\/www.linkedin.com\/company\/facing-lda\/\",\"https:\/\/www.instagram.com\/facing_lda\/\"]}]}<\/script>\n<!-- \/ Yoast SEO plugin. -->","yoast_head_json":{"title":"Trabalhe Connosco - Facing, Lda.","description":"Temos sempre campanhas e eventos por todo o pais e necessitamos de colaboradores em perman\u00eancia ou de forma tempor\u00e1ria. Clique em inscrever!","robots":{"index":"index","follow":"follow","max-snippet":"max-snippet:-1","max-image-preview":"max-image-preview:large","max-video-preview":"max-video-preview:-1"},"canonical":"https:\/\/facing.pt\/index.php\/trabalhar-connosco\/","og_locale":"pt_PT","og_type":"article","og_title":"Trabalhe Connosco - Facing, Lda.","og_description":"Temos sempre campanhas e eventos por todo o pais e necessitamos de colaboradores em perman\u00eancia ou de forma tempor\u00e1ria. Clique em inscrever!","og_url":"https:\/\/facing.pt\/index.php\/trabalhar-connosco\/","og_site_name":"Facing, Lda.","article_publisher":"https:\/\/www.facebook.com\/Facing.lda\/?locale=pt_PT","article_modified_time":"2025-03-19T19:11:45+00:00","og_image":[{"url":"https:\/\/facing.pt\/wp-content\/uploads\/2023\/07\/blog3-2-scaled-1-1920x1280.jpg","type":"","width":"","height":""}],"twitter_card":"summary_large_image","twitter_misc":{"Tempo estimado de leitura":"2 minutos"},"schema":{"@context":"https:\/\/schema.org","@graph":[{"@type":"WebPage","@id":"https:\/\/facing.pt\/index.php\/trabalhar-connosco\/","url":"https:\/\/facing.pt\/index.php\/trabalhar-connosco\/","name":"Trabalhe Connosco - Facing, Lda.","isPartOf":{"@id":"https:\/\/facing.pt\/#website"},"primaryImageOfPage":{"@id":"https:\/\/facing.pt\/index.php\/trabalhar-connosco\/#primaryimage"},"image":{"@id":"https:\/\/facing.pt\/index.php\/trabalhar-connosco\/#primaryimage"},"thumbnailUrl":"https:\/\/facing.pt\/wp-content\/uploads\/2023\/07\/blog3-2-scaled-1-1920x1280.jpg","datePublished":"2023-07-20T20:55:04+00:00","dateModified":"2025-03-19T19:11:45+00:00","description":"Temos sempre campanhas e eventos por todo o pais e necessitamos de colaboradores em perman\u00eancia ou de forma tempor\u00e1ria. Clique em inscrever!","breadcrumb":{"@id":"https:\/\/facing.pt\/index.php\/trabalhar-connosco\/#breadcrumb"},"inLanguage":"pt-PT","potentialAction":[{"@type":"ReadAction","target":["https:\/\/facing.pt\/index.php\/trabalhar-connosco\/"]}]},{"@type":"ImageObject","inLanguage":"pt-PT","@id":"https:\/\/facing.pt\/index.php\/trabalhar-connosco\/#primaryimage","url":"https:\/\/facing.pt\/wp-content\/uploads\/2023\/07\/blog3-2-scaled-1.jpg","contentUrl":"https:\/\/facing.pt\/wp-content\/uploads\/2023\/07\/blog3-2-scaled-1.jpg","width":2560,"height":1707},{"@type":"BreadcrumbList","@id":"https:\/\/facing.pt\/index.php\/trabalhar-connosco\/#breadcrumb","itemListElement":[{"@type":"ListItem","position":1,"name":"Home","item":"https:\/\/facing.pt\/"},{"@type":"ListItem","position":2,"name":"Trabalhe Connosco"}]},{"@type":"WebSite","@id":"https:\/\/facing.pt\/#website","url":"https:\/\/facing.pt\/","name":"Facing, Lda.","description":"Empresa dimens\u00e3o nacional especializada em log\u00edstica, armazenagem, trade marketing e gest\u00e3o de ponto de venda bem como recursos humanos, promotoras e eventos.","publisher":{"@id":"https:\/\/facing.pt\/#organization"},"alternateName":"Facing, Lda.","potentialAction":[{"@type":"SearchAction","target":{"@type":"EntryPoint","urlTemplate":"https:\/\/facing.pt\/?s={search_term_string}"},"query-input":{"@type":"PropertyValueSpecification","valueRequired":true,"valueName":"search_term_string"}}],"inLanguage":"pt-PT"},{"@type":"Organization","@id":"https:\/\/facing.pt\/#organization","name":"Facing, Lda.","alternateName":"Facing, Lda.","url":"https:\/\/facing.pt\/","logo":{"@type":"ImageObject","inLanguage":"pt-PT","@id":"https:\/\/facing.pt\/#\/schema\/logo\/image\/","url":"https:\/\/facing.pt\/wp-content\/uploads\/2025\/01\/logo-facing-2.png","contentUrl":"https:\/\/facing.pt\/wp-content\/uploads\/2025\/01\/logo-facing-2.png","width":150,"height":64,"caption":"Facing, Lda."},"image":{"@id":"https:\/\/facing.pt\/#\/schema\/logo\/image\/"},"sameAs":["https:\/\/www.facebook.com\/Facing.lda\/?locale=pt_PT","https:\/\/www.linkedin.com\/company\/facing-lda\/","https:\/\/www.instagram.com\/facing_lda\/"]}]}},"_links":{"self":[{"href":"https:\/\/facing.pt\/index.php\/wp-json\/wp\/v2\/pages\/454","targetHints":{"allow":["GET"]}}],"collection":[{"href":"https:\/\/facing.pt\/index.php\/wp-json\/wp\/v2\/pages"}],"about":[{"href":"https:\/\/facing.pt\/index.php\/wp-json\/wp\/v2\/types\/page"}],"author":[{"embeddable":true,"href":"https:\/\/facing.pt\/index.php\/wp-json\/wp\/v2\/users\/1"}],"replies":[{"embeddable":true,"href":"https:\/\/facing.pt\/index.php\/wp-json\/wp\/v2\/comments?post=454"}],"version-history":[{"count":81,"href":"https:\/\/facing.pt\/index.php\/wp-json\/wp\/v2\/pages\/454\/revisions"}],"predecessor-version":[{"id":4264,"href":"https:\/\/facing.pt\/index.php\/wp-json\/wp\/v2\/pages\/454\/revisions\/4264"}],"wp:attachment":[{"href":"https:\/\/facing.pt\/index.php\/wp-json\/wp\/v2\/media?parent=454"}],"curies":[{"name":"wp","href":"https:\/\/api.w.org\/{rel}","templated":true}]}}